{"id":2671,"date":"2023-08-04T14:24:20","date_gmt":"2023-08-04T14:24:20","guid":{"rendered":"https:\/\/esayapi-tr.com\/?page_id=2671"},"modified":"2023-08-04T14:32:16","modified_gmt":"2023-08-04T14:32:16","slug":"%d8%aa%d9%86%d8%b3%d9%8a%d9%82-%d8%ad%d8%af%d8%a7%d8%a6%d9%82","status":"publish","type":"page","link":"https:\/\/esayapi-tr.com\/tr\/%d8%aa%d9%86%d8%b3%d9%8a%d9%82-%d8%ad%d8%af%d8%a7%d8%a6%d9%82\/","title":{"rendered":"\u062a\u0646\u0633\u064a\u0642 \u062d\u062f\u0627\u0626\u0642"},"content":{"rendered":"<div data-elementor-type=\"wp-page\" data-elementor-id=\"2671\" class=\"elementor elementor-2671\" data-elementor-post-type=\"page\">\n\t\t\t\t\t\t<section class=\"has_eae_slider elementor-section elementor-top-section elementor-element elementor-element-a943a3a elementor-section-boxed elementor-section-height-default elementor-section-height-default\" data-eae-slider=\"54441\" data-id=\"a943a3a\" data-element_type=\"section\">\n\t\t\t\t\t\t<div class=\"elementor-container elementor-column-gap-narrow\">\n\t\t\t\t\t<div class=\"has_eae_slider elementor-column elementor-col-50 elementor-top-column elementor-element elementor-element-eefc1f2\" data-eae-slider=\"70451\" data-id=\"eefc1f2\" data-element_type=\"column\">\n\t\t\t<div class=\"elementor-widget-wrap elementor-element-populated\">\n\t\t\t\t\t\t<div class=\"elementor-element elementor-element-3b58b8f elementor-widget elementor-widget-heading\" data-id=\"3b58b8f\" data-element_type=\"widget\" data-widget_type=\"heading.default\">\n\t\t\t\t<div class=\"elementor-widget-container\">\n\t\t\t\t\t<h3 class=\"elementor-heading-title elementor-size-default\">Bah\u00e7elerin peyzaj\u0131<\/h3>\t\t\t\t<\/div>\n\t\t\t\t<\/div>\n\t\t\t\t<div class=\"elementor-element elementor-element-cd79b5d elementor-widget elementor-widget-text-editor\" data-id=\"cd79b5d\" data-element_type=\"widget\" data-widget_type=\"text-editor.default\">\n\t\t\t\t<div class=\"elementor-widget-container\">\n\t\t\t\t\t\t\t\t\t<p>\u062a\u0646\u0633\u064a\u0642 \u0627\u0644\u062d\u062f\u0627\u0626\u0642 \u0647\u0648 \u062c\u0627\u0646\u0628 \u0622\u062e\u0631 \u0645\u0646 \u0627\u0644\u062a\u062e\u0635\u0635\u0627\u062a \u0627\u0644\u062a\u064a \u062a\u0642\u062f\u0645\u0647\u0627 \u0634\u0631\u0643\u0629 E\u015eA YAPI. \u062a\u0647\u062f\u0641 \u0627\u0644\u0634\u0631\u0643\u0629 \u0625\u0644\u0649 \u062a\u0635\u0645\u064a\u0645 \u0648\u062a\u0646\u0641\u064a\u0630 \u062a\u0646\u0633\u064a\u0642\u0627\u062a \u062d\u062f\u0627\u0626\u0642 \u0645\u0628\u062a\u0643\u0631\u0629 \u0648\u062c\u0645\u064a\u0644\u0629 \u062a\u0644\u0628\u064a \u0627\u062d\u062a\u064a\u0627\u062c\u0627\u062a \u0627\u0644\u0639\u0645\u0644\u0627\u0621 \u0648\u062a\u0639\u0632\u0632 \u062c\u0645\u0627\u0644 \u0627\u0644\u0645\u0633\u0627\u062d\u0627\u062a \u0627\u0644\u062e\u0627\u0631\u062c\u064a\u0629. \u064a\u0634\u0645\u0644 \u0630\u0644\u0643 \u0627\u0633\u062a\u062e\u062f\u0627\u0645 \u0627\u0644\u0646\u0628\u0627\u062a\u0627\u062a \u0627\u0644\u0645\u0646\u0627\u0633\u0628\u0629\u060c \u0648\u0627\u0644\u0623\u0634\u062c\u0627\u0631 \u0648\u0627\u0644\u0623\u0632\u0647\u0627\u0631\u060c \u0648\u062a\u0635\u0645\u064a\u0645 \u0627\u0644\u0645\u0633\u0627\u0631\u0627\u062a \u0648\u0627\u0644\u062c\u0644\u0633\u0627\u062a \u0627\u0644\u0645\u0631\u064a\u062d\u0629\u060c \u0648\u0625\u0636\u0627\u0641\u0629 \u0639\u0646\u0627\u0635\u0631 \u0632\u064a\u0646\u0629 \u0645\u062b\u0644 \u0627\u0644\u0646\u0648\u0627\u0641\u064a\u0631 \u0648\u0627\u0644\u062a\u0645\u0627\u062b\u064a\u0644.<\/p><p>\u062a\u062a\u0645\u064a\u0632 \u0634\u0631\u0643\u0629 E\u015eA YAPI \u0628\u0627\u0644\u0645\u0647\u0646\u064a\u0629 \u0648\u0627\u0644\u062e\u0628\u0631\u0629 \u0641\u064a \u0645\u062c\u0627\u0644 \u062a\u0646\u0633\u064a\u0642 \u0627\u0644\u062d\u062f\u0627\u0626\u0642\u060c \u0648\u062a\u0633\u0639\u0649 \u062f\u0627\u0626\u0645\u064b\u0627 \u0644\u062a\u062d\u0648\u064a\u0644 \u0627\u0644\u0641\u0636\u0627\u0621\u0627\u062a \u0627\u0644\u062e\u0627\u0631\u062c\u064a\u0629 \u0625\u0644\u0649 \u0645\u0644\u0627\u0630\u0627\u062a \u062c\u0630\u0627\u0628\u0629 \u0648\u0647\u0627\u062f\u0626\u0629 \u062a\u0639\u0643\u0633 \u0630\u0648\u0642 \u0627\u0644\u0639\u0645\u0644\u0627\u0621 \u0648\u062a\u0636\u0641\u064a \u062c\u0645\u0627\u0644\u0627\u064b \u0639\u0644\u0649 \u0627\u0644\u0645\u0643\u0627\u0646 \u0628\u0623\u0643\u0645\u0644\u0647. \u0633\u0648\u0627\u0621 \u0643\u0646\u062a \u062a\u0628\u062d\u062b \u0639\u0646 \u062a\u0646\u0633\u064a\u0642 \u062d\u062f\u064a\u0642\u0629 \u0645\u0646\u0632\u0644\u0643 \u0627\u0644\u062e\u0627\u0635 \u0623\u0648 \u062a\u0646\u0633\u064a\u0642 \u062d\u062f\u0627\u0626\u0642 \u062a\u062c\u0627\u0631\u064a\u0629 \u0623\u0648 \u0645\u0646\u062a\u062c\u0639\u0627\u062a\u060c \u064a\u0645\u0643\u0646 \u0623\u0646 \u062a\u0643\u0648\u0646 \u0634\u0631\u0643\u0629 E\u015eA YAPI \u0634\u0631\u064a\u0643\u064b\u0627 \u0645\u0648\u062b\u0648\u0642\u064b\u0627 \u0644\u0625\u0646\u0634\u0627\u0621 \u062d\u062f\u0627\u0626\u0642 \u0631\u0627\u0626\u0639\u0629 \u062a\u0644\u0628\u064a \u062a\u0637\u0644\u0639\u0627\u062a\u0643 \u0648\u062a\u062d\u0642\u0642 \u0631\u0636\u0627\u0643.<\/p>\t\t\t\t\t\t\t\t<\/div>\n\t\t\t\t<\/div>\n\t\t\t\t\t<\/div>\n\t\t<\/div>\n\t\t\t\t<div class=\"has_eae_slider elementor-column elementor-col-50 elementor-top-column elementor-element elementor-element-3b3b773\" data-eae-slider=\"23827\" data-id=\"3b3b773\" data-element_type=\"column\">\n\t\t\t<div class=\"elementor-widget-wrap elementor-element-populated\">\n\t\t\t\t\t\t<div class=\"elementor-element elementor-element-64c9f58 elementor-widget__width-initial elementor-button-align-stretch elementor-widget elementor-widget-form\" data-id=\"64c9f58\" data-element_type=\"widget\" data-settings=\"{&quot;step_next_label&quot;:&quot;Next&quot;,&quot;step_previous_label&quot;:&quot;Previous&quot;,&quot;button_width&quot;:&quot;100&quot;,&quot;step_type&quot;:&quot;number_text&quot;,&quot;step_icon_shape&quot;:&quot;circle&quot;}\" data-widget_type=\"form.default\">\n\t\t\t\t<div class=\"elementor-widget-container\">\n\t\t\t\t\t\t\t<form class=\"elementor-form\" method=\"post\" name=\"New Form\" action=\"\">\n\t\t\t<input type=\"hidden\" name=\"post_id\" value=\"2671\"\/>\n\t\t\t<input type=\"hidden\" name=\"form_id\" value=\"64c9f58\"\/>\n\t\t\t<input type=\"hidden\" name=\"referer_title\" value=\"\" \/>\n\n\t\t\t\n\t\t\t<div class=\"ele-extensions-hide-form elementor-form-fields-wrapper elementor-labels-above\">\n\t\t\t\t\t\t\t\t<div class=\"elementor-field-type-text elementor-field-group elementor-column elementor-field-group-name elementor-col-100 elementor-field-required\">\n\t\t\t\t\t\t\t\t\t\t\t\t<label for=\"form-field-name\" class=\"elementor-field-label\">\n\t\t\t\t\t\t\t\tTam ad\u0131\t\t\t\t\t\t\t<\/label>\n\t\t\t\t\t\t\t\t\t\t\t\t\t\t<input size=\"1\" type=\"text\" name=\"form_fields[name]\" id=\"form-field-name\" class=\"elementor-field elementor-size-sm  elementor-field-textual\" placeholder=\"\u0130sim: \" required=\"required\" aria-required=\"true\">\n\t\t\t\t\t\t\t\t\t\t\t<\/div>\n\t\t\t\t\t\t\t\t<div class=\"elementor-field-type-email elementor-field-group elementor-column elementor-field-group-email elementor-col-100 elementor-field-required\">\n\t\t\t\t\t\t\t\t\t\t\t\t<label for=\"form-field-email\" class=\"elementor-field-label\">\n\t\t\t\t\t\t\t\tE-posta adresi\t\t\t\t\t\t\t<\/label>\n\t\t\t\t\t\t\t\t\t\t\t\t\t\t<input size=\"1\" type=\"email\" name=\"form_fields[email]\" id=\"form-field-email\" class=\"elementor-field elementor-size-sm  elementor-field-textual\" placeholder=\"E-posta adresi\" required=\"required\" aria-required=\"true\">\n\t\t\t\t\t\t\t\t\t\t\t<\/div>\n\t\t\t\t\t\t\t\t<div class=\"elementor-field-type-textarea elementor-field-group elementor-column elementor-field-group-message elementor-col-100 elementor-field-required\">\n\t\t\t\t\t\t\t\t\t\t\t\t<label for=\"form-field-message\" class=\"elementor-field-label\">\n\t\t\t\t\t\t\t\tMesaj\t\t\t\t\t\t\t<\/label>\n\t\t\t\t\t\t<textarea class=\"elementor-field-textual elementor-field  elementor-size-sm\" name=\"form_fields[message]\" id=\"form-field-message\" rows=\"4\" placeholder=\"\u0631\u0633\u0627\u0644\u062a\u0643\" required=\"required\" aria-required=\"true\"><\/textarea>\t\t\t\t<\/div>\n\t\t\t\t\t\t\t\t<div class=\"elementor-field-group elementor-column elementor-field-type-submit elementor-col-100 e-form__buttons\">\n\t\t\t\t\t<button type=\"submit\" class=\"elementor-button elementor-size-sm\">\n\t\t\t\t\t\t<span >\n\t\t\t\t\t\t\t\t\t\t\t\t\t\t\t<span class=\"elementor-button-icon\">\n\t\t\t\t\t\t\t\t\t\t\t\t\t\t\t\t\t\t\t\t\t\t\t\t\t\t<\/span>\n\t\t\t\t\t\t\t\t\t\t\t\t\t\t\t\t\t\t\t\t\t\t<span class=\"elementor-button-text\">G\u00f6ndermek<\/span>\n\t\t\t\t\t\t\t\t\t\t\t\t\t<\/span>\n\t\t\t\t\t<\/button>\n\t\t\t\t<\/div>\n\t\t\t<\/div>\n\t\t<input type=\"hidden\" name=\"trp-form-language\" value=\"tr\"\/><\/form>\n\t\t\t\t\t\t<\/div>\n\t\t\t\t<\/div>\n\t\t\t\t\t<\/div>\n\t\t<\/div>\n\t\t\t\t\t<\/div>\n\t\t<\/section>\n\t\t\t\t<section class=\"has_eae_slider elementor-section elementor-top-section elementor-element elementor-element-572d7f7 elementor-section-boxed elementor-section-height-default elementor-section-height-default\" data-eae-slider=\"7222\" data-id=\"572d7f7\" data-element_type=\"section\">\n\t\t\t\t\t\t<div class=\"elementor-container elementor-column-gap-default\">\n\t\t\t\t\t<div class=\"has_eae_slider elementor-column elementor-col-100 elementor-top-column elementor-element elementor-element-d495518\" data-eae-slider=\"77119\" data-id=\"d495518\" data-element_type=\"column\">\n\t\t\t<div class=\"elementor-widget-wrap elementor-element-populated\">\n\t\t\t\t\t\t<div class=\"elementor-element elementor-element-c688828 elementor-widget elementor-widget-spacer\" data-id=\"c688828\" data-element_type=\"widget\" data-widget_type=\"spacer.default\">\n\t\t\t\t<div class=\"elementor-widget-container\">\n\t\t\t\t\t\t\t<div class=\"elementor-spacer\">\n\t\t\t<div class=\"elementor-spacer-inner\"><\/div>\n\t\t<\/div>\n\t\t\t\t\t\t<\/div>\n\t\t\t\t<\/div>\n\t\t\t\t<div class=\"elementor-element elementor-element-c91cb1b elementor-widget elementor-widget-eael-fancy-text\" data-id=\"c91cb1b\" data-element_type=\"widget\" data-widget_type=\"eael-fancy-text.default\">\n\t\t\t\t<div class=\"elementor-widget-container\">\n\t\t\t\t\t\n\t<div  class=\"eael-fancy-text-container style-1\" data-fancy-text-id=\"c91cb1b\" data-fancy-text=\"|\u0628\u0625\u0645\u0643\u0627\u0646\u0643 \u0627\u0644\u062a\u0648\u0627\u0635\u0644 \u0645\u0639\u0646\u0627 \u0639\u0628\u0631 \u0627\u0644\u0648\u0627\u062a\u0633 \u0623\u0628\u200b\" data-fancy-text-transition-type=\"typing\" data-fancy-text-speed=\"50\" data-fancy-text-delay=\"1500\" data-fancy-text-cursor=\"yes\" data-fancy-text-loop=\"yes\" data-fancy-text-action=\"page_load\" >\n\t\t\n\t\t\n\t\t\t\t\t<span id=\"eael-fancy-text-c91cb1b\" class=\"eael-fancy-text-strings solid-color\">\n\t\t\t\t<noscript>\n\t\t\t\t\t\u0628\u0625\u0645\u0643\u0627\u0646\u0643 \u0627\u0644\u062a\u0648\u0627\u0635\u0644 \u0645\u0639\u0646\u0627 \u0639\u0628\u0631 \u0627\u0644\u0648\u0627\u062a\u0633 \u0623\u0628\u200b\t\t\t\t<\/noscript>\n\t\t\t<\/span>\n\t\t\n\t\t\t<\/div><!-- close .eael-fancy-text-container -->\n\n\t<div class=\"clearfix\"><\/div>\n\n\t\t\t\t\t<\/div>\n\t\t\t\t<\/div>\n\t\t\t\t<div class=\"elementor-element elementor-element-fc22d5e elementor-widget-tablet__width-initial elementor-align--mobilecenter elementor-widget-mobile__width-initial elementor-align-center elementor-widget elementor-widget-elementskit-button\" data-id=\"fc22d5e\" data-element_type=\"widget\" data-widget_type=\"elementskit-button.default\">\n\t\t\t\t<div class=\"elementor-widget-container\">\n\t\t\t\t\t<div class=\"ekit-wid-con\" >\t\t<div class=\"ekit-btn-wraper\">\n\t\t\t\t\t\t\t<a href=\"https:\/\/wa.me\/+905010705074\" class=\"elementskit-btn  whitespace--normal\" id=\"\">\n\t\t\t\t\t<i class=\"fab fa-whatsapp\"><\/i>WhatsApp \u00fczerinden do\u011frudan ileti\u015fim i\u00e7in\t\t\t\t<\/a>\n\t\t\t\t\t<\/div>\n        <\/div>\t\t\t\t<\/div>\n\t\t\t\t<\/div>\n\t\t\t\t<div class=\"elementor-element elementor-element-6d4a12b elementor-widget elementor-widget-spacer\" data-id=\"6d4a12b\" data-element_type=\"widget\" data-widget_type=\"spacer.default\">\n\t\t\t\t<div class=\"elementor-widget-container\">\n\t\t\t\t\t\t\t<div class=\"elementor-spacer\">\n\t\t\t<div class=\"elementor-spacer-inner\"><\/div>\n\t\t<\/div>\n\t\t\t\t\t\t<\/div>\n\t\t\t\t<\/div>\n\t\t\t\t\t<\/div>\n\t\t<\/div>\n\t\t\t\t\t<\/div>\n\t\t<\/section>\n\t\t\t\t<section class=\"has_eae_slider elementor-section elementor-top-section elementor-element elementor-element-56ec328 elementor-section-content-middle envato-kit-141 elementor-section-boxed elementor-section-height-default elementor-section-height-default\" data-eae-slider=\"22835\" data-id=\"56ec328\" data-element_type=\"section\" data-settings=\"{&quot;background_background&quot;:&quot;classic&quot;}\">\n\t\t\t\t\t\t\t<div class=\"elementor-background-overlay\"><\/div>\n\t\t\t\t\t\t\t<div class=\"elementor-container elementor-column-gap-wide\">\n\t\t\t\t\t<div class=\"has_eae_slider elementor-column elementor-col-100 elementor-top-column elementor-element elementor-element-c66a44c\" data-eae-slider=\"6967\" data-id=\"c66a44c\" data-element_type=\"column\">\n\t\t\t<div class=\"elementor-widget-wrap elementor-element-populated\">\n\t\t\t\t\t\t<div class=\"elementor-element elementor-element-09374d3 elementor-invisible elementor-widget elementor-widget-heading\" data-id=\"09374d3\" data-element_type=\"widget\" data-settings=\"{&quot;_animation&quot;:&quot;fadeIn&quot;,&quot;_animation_delay&quot;:50}\" data-widget_type=\"heading.default\">\n\t\t\t\t<div class=\"elementor-widget-container\">\n\t\t\t\t\t<h2 class=\"elementor-heading-title elementor-size-default\">Bizim i\u015fimiz<\/h2>\t\t\t\t<\/div>\n\t\t\t\t<\/div>\n\t\t\t\t<div class=\"elementor-element elementor-element-3c21a9e elementor-widget-divider--view-line elementor-invisible elementor-widget elementor-widget-divider\" data-id=\"3c21a9e\" data-element_type=\"widget\" data-settings=\"{&quot;_animation&quot;:&quot;fadeIn&quot;,&quot;_animation_delay&quot;:300}\" data-widget_type=\"divider.default\">\n\t\t\t\t<div class=\"elementor-widget-container\">\n\t\t\t\t\t\t\t<div class=\"elementor-divider\">\n\t\t\t<span class=\"elementor-divider-separator\">\n\t\t\t\t\t\t<\/span>\n\t\t<\/div>\n\t\t\t\t\t\t<\/div>\n\t\t\t\t<\/div>\n\t\t\t\t<div class=\"elementor-element elementor-element-304eb95 eae--hr-position-center eae--vr-position-middle elementor-widget elementor-widget-eae-thumbgallery\" data-id=\"304eb95\" data-element_type=\"widget\" data-settings=\"{&quot;thumb_slides_per_view&quot;:3,&quot;thumb_slides_per_view_tablet&quot;:3,&quot;thumb_slides_per_view_mobile&quot;:2,&quot;thumb_space_between&quot;:10,&quot;thumb_space_between_tablet&quot;:10,&quot;thumb_space_between_mobile&quot;:5,&quot;slider_space_between&quot;:{&quot;unit&quot;:&quot;px&quot;,&quot;size&quot;:10,&quot;sizes&quot;:[]},&quot;slider_space_between_tablet&quot;:{&quot;unit&quot;:&quot;px&quot;,&quot;size&quot;:15,&quot;sizes&quot;:[]},&quot;slider_space_between_mobile&quot;:{&quot;unit&quot;:&quot;px&quot;,&quot;size&quot;:10,&quot;sizes&quot;:[]}}\" data-widget_type=\"eae-thumbgallery.default\">\n\t\t\t\t<div class=\"elementor-widget-container\">\n\t\t\t\t\t\n\t\t<div class=\"eae-swiper-outer-wrapper eae-swiper\" data-swiper-settings=\"{&quot;breakpoints_value&quot;:{&quot;mobile&quot;:320,&quot;tablet&quot;:768,&quot;desktop&quot;:1025},&quot;thumbs&quot;:{&quot;spaceBetween&quot;:{&quot;mobile&quot;:5,&quot;tablet&quot;:10,&quot;default&quot;:10},&quot;slidesPerView&quot;:{&quot;mobile&quot;:2,&quot;tablet&quot;:3,&quot;default&quot;:3}},&quot;effect&quot;:&quot;slide&quot;,&quot;speed&quot;:500,&quot;autoplay&quot;:{&quot;duration&quot;:3000,&quot;reverseDirection&quot;:false,&quot;slider_direction&quot;:&quot;ltr&quot;,&quot;disableOnInteraction&quot;:true},&quot;pauseOnHover&quot;:&quot;yes&quot;,&quot;spaceBetween&quot;:{&quot;mobile&quot;:1,&quot;tablet&quot;:1,&quot;default&quot;:10},&quot;loop&quot;:&quot;yes&quot;,&quot;navigation&quot;:&quot;yes&quot;,&quot;clickable&quot;:false,&quot;keyboard&quot;:true}\">\n\t\t\t\t\t   \n\t\t\t<div class=\"eae-swiper-container swiper\">\n\t\t\t\t<div class=\"eae-swiper-wrapper swiper-wrapper slider_vertical_wrapper\">\n\t\t\t\t\t\n\n\t\t\t\t\t<div class=\"elementor-repeater-item-0bfe0ca eae-swiper-slide swiper-slide\" style=\"background-image : url(https:\/\/esayapi-tr.com\/wp-content\/uploads\/2023\/08\/\u0634\u0631\u0643\u0629-\u062a\u0646\u0633\u064a\u0642-\u062d\u062f\u0627\u0626\u0642-\u0628\u062c\u062f\u0629.webp);\">\n\t\t\t\t   \n\t\t\t\t\t\t\t\t\t\t\t\t<div class=\"eae-slide-inner\">\t\t\t\t\t\t\t\t\t\t\t\t\t\t<\/div>\t\t\t\t\t\t\t<\/div>\n\t\t\t\t   \n\t\t\t\t\t\n\n\t\t\t\t\t<div class=\"elementor-repeater-item-be34236 eae-swiper-slide swiper-slide\" style=\"background-image : url(https:\/\/esayapi-tr.com\/wp-content\/uploads\/2023\/08\/Designer-garden-with-fresh-plants-and-stones-_-sumer-landscape-_-ss-_-featured.jpg?v=1707241134);\">\n\t\t\t\t   \n\t\t\t\t\t\t\t\t\t\t\t\t<div class=\"eae-slide-inner\">\t\t\t\t\t\t\t\t\t\t\t\t\t\t<\/div>\t\t\t\t\t\t\t<\/div>\n\t\t\t\t   \n\t\t\t\t\t\n\n\t\t\t\t\t<div class=\"elementor-repeater-item-91eed44 eae-swiper-slide swiper-slide\" style=\"background-image : url(https:\/\/esayapi-tr.com\/wp-content\/uploads\/2023\/08\/images.jpeg?v=1707241134);\">\n\t\t\t\t   \n\t\t\t\t\t\t\t\t\t\t\t\t<div class=\"eae-slide-inner\">\t\t\t\t\t\t\t\t\t\t\t\t\t\t<\/div>\t\t\t\t\t\t\t<\/div>\n\t\t\t\t   \n\t\t\t\t\t\n\n\t\t\t\t\t<div class=\"elementor-repeater-item-da663b9 eae-swiper-slide swiper-slide\" style=\"background-image : url(https:\/\/esayapi-tr.com\/wp-content\/uploads\/2023\/08\/images-1.jpeg?v=1707241135);\">\n\t\t\t\t   \n\t\t\t\t\t\t\t\t\t\t\t\t<div class=\"eae-slide-inner\">\t\t\t\t\t\t\t\t\t\t\t\t\t\t<\/div>\t\t\t\t\t\t\t<\/div>\n\t\t\t\t   \n\t\t\t\t\t \n\t\t\t\t<\/div>\n\t\t\t   \n\t\t\t\t\t\t\t\t\t\t\t\t\t\t<div class = \"eae-swiper-button eae-slider-nav-button  eae-swiper-button-prev\">\n\t\t\t\t\t\t\t<i class=\"fa fa-angle-left\"><\/i>\t\t\t\t\t\t<\/div>\t\n\t\t\t\t\t\t   \n\t\t\t\t\t\t<div class = \"eae-swiper-button eae-slider-nav-button eae-swiper-button-next\">\n\t\t\t\t\t\t\t<i class=\"fa fa-angle-right\"><\/i>\t\t\t\t\t\t<\/div>\t\n\t\t\t\t\t\t\t\t   \n\t\t\t\t\t\n\t\t\t<\/div>\t\n\t\t\n\t\t\t<div class=\"eae-thumb-container swiper eae-gallery-thumbs eae-thumb-horizontal-bottom\">\n\t\t\t\t<div class=\"eae-thumb-wrapper swiper-wrapper\">\n\t\t\t\t\t\t\t\t\t\t   \n\t\t\t\t\t\t<div class=\"elementor-repeater-item-0bfe0ca eae-thumb-slide swiper-slide\" style=\"background-image : url(https:\/\/esayapi-tr.com\/wp-content\/uploads\/2023\/08\/\u0634\u0631\u0643\u0629-\u062a\u0646\u0633\u064a\u0642-\u062d\u062f\u0627\u0626\u0642-\u0628\u062c\u062f\u0629.webp);\">\n\t\t\t\t\t\t\t\t<div class='eae-fit-aspect-ratio'><\/div>\n\t\t\t\t\t\t<\/div>\n\t\t\t\t\t\t\t\t\t\t   \n\t\t\t\t\t\t<div class=\"elementor-repeater-item-be34236 eae-thumb-slide swiper-slide\" style=\"background-image : url(https:\/\/esayapi-tr.com\/wp-content\/uploads\/2023\/08\/Designer-garden-with-fresh-plants-and-stones-_-sumer-landscape-_-ss-_-featured.jpg?v=1707241134);\">\n\t\t\t\t\t\t\t\t<div class='eae-fit-aspect-ratio'><\/div>\n\t\t\t\t\t\t<\/div>\n\t\t\t\t\t\t\t\t\t\t   \n\t\t\t\t\t\t<div class=\"elementor-repeater-item-91eed44 eae-thumb-slide swiper-slide\" style=\"background-image : url(https:\/\/esayapi-tr.com\/wp-content\/uploads\/2023\/08\/images.jpeg?v=1707241134);\">\n\t\t\t\t\t\t\t\t<div class='eae-fit-aspect-ratio'><\/div>\n\t\t\t\t\t\t<\/div>\n\t\t\t\t\t\t\t\t\t\t   \n\t\t\t\t\t\t<div class=\"elementor-repeater-item-da663b9 eae-thumb-slide swiper-slide\" style=\"background-image : url(https:\/\/esayapi-tr.com\/wp-content\/uploads\/2023\/08\/images-1.jpeg?v=1707241135);\">\n\t\t\t\t\t\t\t\t<div class='eae-fit-aspect-ratio'><\/div>\n\t\t\t\t\t\t<\/div>\n\t\t\t\t\t \n\t\t\t\t<\/div>\n\n\t\t\t\t\n\t\t\t<\/div>\n\n\t\t\t\t<\/div> \n\t\t\t\t\t\t<\/div>\n\t\t\t\t<\/div>\n\t\t\t\t\t<\/div>\n\t\t<\/div>\n\t\t\t\t\t<\/div>\n\t\t<\/section>\n\t\t\t\t<section class=\"has_eae_slider elementor-section elementor-top-section elementor-element elementor-element-4c19756 elementor-section-boxed elementor-section-height-default elementor-section-height-default\" data-eae-slider=\"86598\" data-id=\"4c19756\" data-element_type=\"section\">\n\t\t\t\t\t\t<div class=\"elementor-container elementor-column-gap-default\">\n\t\t\t\t\t<div class=\"has_eae_slider elementor-column elementor-col-100 elementor-top-column elementor-element elementor-element-deabdd3\" data-eae-slider=\"43984\" data-id=\"deabdd3\" data-element_type=\"column\">\n\t\t\t<div class=\"elementor-widget-wrap\">\n\t\t\t\t\t\t\t<\/div>\n\t\t<\/div>\n\t\t\t\t\t<\/div>\n\t\t<\/section>\n\t\t\t\t<\/div>","protected":false},"excerpt":{"rendered":"<p>\u062a\u0646\u0633\u064a\u0642 \u0627\u0644\u062d\u062f\u0627\u0626\u0642 \u062a\u0646\u0633\u064a\u0642 \u0627\u0644\u062d\u062f\u0627\u0626\u0642 \u0647\u0648 \u062c\u0627\u0646\u0628 \u0622\u062e\u0631 \u0645\u0646 \u0627\u0644\u062a\u062e\u0635\u0635\u0627\u062a \u0627\u0644\u062a\u064a \u062a\u0642\u062f\u0645\u0647\u0627 \u0634\u0631\u0643\u0629 E\u015eA YAPI. \u062a\u0647\u062f\u0641 \u0627\u0644\u0634\u0631\u0643\u0629 \u0625\u0644\u0649 \u062a\u0635\u0645\u064a\u0645 \u0648\u062a\u0646\u0641\u064a\u0630 \u062a\u0646\u0633\u064a\u0642\u0627\u062a \u062d\u062f\u0627\u0626\u0642 \u0645\u0628\u062a\u0643\u0631\u0629 \u0648\u062c\u0645\u064a\u0644\u0629 \u062a\u0644\u0628\u064a \u0627\u062d\u062a\u064a\u0627\u062c\u0627\u062a \u0627\u0644\u0639\u0645\u0644\u0627\u0621 \u0648\u062a\u0639\u0632\u0632 \u062c\u0645\u0627\u0644 \u0627\u0644\u0645\u0633\u0627\u062d\u0627\u062a \u0627\u0644\u062e\u0627\u0631\u062c\u064a\u0629. \u064a\u0634\u0645\u0644 \u0630\u0644\u0643 \u0627\u0633\u062a\u062e\u062f\u0627\u0645 \u0627\u0644\u0646\u0628\u0627\u062a\u0627\u062a \u0627\u0644\u0645\u0646\u0627\u0633\u0628\u0629\u060c \u0648\u0627\u0644\u0623\u0634\u062c\u0627\u0631 \u0648\u0627\u0644\u0623\u0632\u0647\u0627\u0631\u060c \u0648\u062a\u0635\u0645\u064a\u0645 \u0627\u0644\u0645\u0633\u0627\u0631\u0627\u062a \u0648\u0627\u0644\u062c\u0644\u0633\u0627\u062a \u0627\u0644\u0645\u0631\u064a\u062d\u0629\u060c \u0648\u0625\u0636\u0627\u0641\u0629 \u0639\u0646\u0627\u0635\u0631 \u0632\u064a\u0646\u0629 \u0645\u062b\u0644 \u0627\u0644\u0646\u0648\u0627\u0641\u064a\u0631 \u0648\u0627\u0644\u062a\u0645\u0627\u062b\u064a\u0644. \u062a\u062a\u0645\u064a\u0632 \u0634\u0631\u0643\u0629 E\u015eA YAPI \u0628\u0627\u0644\u0645\u0647\u0646\u064a\u0629 \u0648\u0627\u0644\u062e\u0628\u0631\u0629 \u0641\u064a \u0645\u062c\u0627\u0644&#8230;<a href=\"https:\/\/esayapi-tr.com\/tr\/%d8%aa%d9%86%d8%b3%d9%8a%d9%82-%d8%ad%d8%af%d8%a7%d8%a6%d9%82\/\" class=\"epl-more-link\">Read More&rarr;<\/a><\/p>","protected":false},"author":1,"featured_media":1683,"parent":0,"menu_order":0,"comment_status":"closed","ping_status":"closed","template":"","meta":{"footnotes":""},"class_list":["post-2671","page","type-page","status-publish","has-post-thumbnail","hentry"],"_links":{"self":[{"href":"https:\/\/esayapi-tr.com\/tr\/wp-json\/wp\/v2\/pages\/2671"}],"collection":[{"href":"https:\/\/esayapi-tr.com\/tr\/wp-json\/wp\/v2\/pages"}],"about":[{"href":"https:\/\/esayapi-tr.com\/tr\/wp-json\/wp\/v2\/types\/page"}],"author":[{"embeddable":true,"href":"https:\/\/esayapi-tr.com\/tr\/wp-json\/wp\/v2\/users\/1"}],"replies":[{"embeddable":true,"href":"https:\/\/esayapi-tr.com\/tr\/wp-json\/wp\/v2\/comments?post=2671"}],"version-history":[{"count":5,"href":"https:\/\/esayapi-tr.com\/tr\/wp-json\/wp\/v2\/pages\/2671\/revisions"}],"predecessor-version":[{"id":3057,"href":"https:\/\/esayapi-tr.com\/tr\/wp-json\/wp\/v2\/pages\/2671\/revisions\/3057"}],"wp:featuredmedia":[{"embeddable":true,"href":"https:\/\/esayapi-tr.com\/tr\/wp-json\/wp\/v2\/media\/1683"}],"wp:attachment":[{"href":"https:\/\/esayapi-tr.com\/tr\/wp-json\/wp\/v2\/media?parent=2671"}],"curies":[{"name":"wp","href":"https:\/\/api.w.org\/{rel}","templated":true}]}}