{"id":1603,"date":"2023-07-31T23:12:51","date_gmt":"2023-07-31T23:12:51","guid":{"rendered":"https:\/\/esayapi-tr.com\/?page_id=1603"},"modified":"2023-10-09T15:04:10","modified_gmt":"2023-10-09T15:04:10","slug":"%d8%aa%d8%b5%d9%85%d9%8a%d9%85","status":"publish","type":"page","link":"https:\/\/esayapi-tr.com\/tr\/%d8%aa%d8%b5%d9%85%d9%8a%d9%85\/","title":{"rendered":"Dizayn"},"content":{"rendered":"<div data-elementor-type=\"wp-page\" data-elementor-id=\"1603\" class=\"elementor elementor-1603\" data-elementor-post-type=\"page\">\n\t\t\t\t\t\t<section class=\"has_eae_slider elementor-section elementor-top-section elementor-element elementor-element-8b34b5f elementor-section-boxed elementor-section-height-default elementor-section-height-default\" data-eae-slider=\"1120\" data-id=\"8b34b5f\" data-element_type=\"section\">\n\t\t\t\t\t\t<div class=\"elementor-container elementor-column-gap-default\">\n\t\t\t\t\t<div class=\"has_eae_slider elementor-column elementor-col-100 elementor-top-column elementor-element elementor-element-fe6775a\" data-eae-slider=\"36930\" data-id=\"fe6775a\" data-element_type=\"column\">\n\t\t\t<div class=\"elementor-widget-wrap elementor-element-populated\">\n\t\t\t\t\t\t<div class=\"elementor-element elementor-element-0ae9a8a elementor-widget elementor-widget-eael-fancy-text\" data-id=\"0ae9a8a\" data-element_type=\"widget\" data-widget_type=\"eael-fancy-text.default\">\n\t\t\t\t<div class=\"elementor-widget-container\">\n\t\t\t\t\t\n\t<div  class=\"eael-fancy-text-container style-1\" data-fancy-text-id=\"0ae9a8a\" data-fancy-text=\"|\u0644\u062e\u062f\u0645\u0627\u062a \u0627\u0644\u062a\u0635\u0645\u064a\u0645| \u062a\u0648\u0627\u0635\u0644 \u0645\u0639\u0646\u0627\u200b\" data-fancy-text-transition-type=\"typing\" data-fancy-text-speed=\"50\" data-fancy-text-delay=\"1500\" data-fancy-text-cursor=\"yes\" data-fancy-text-loop=\"yes\" data-fancy-text-action=\"page_load\" >\n\t\t\n\t\t\n\t\t\t\t\t<span id=\"eael-fancy-text-0ae9a8a\" class=\"eael-fancy-text-strings solid-color\">\n\t\t\t\t<noscript>\n\t\t\t\t\t\u0644\u062e\u062f\u0645\u0627\u062a \u0627\u0644\u062a\u0635\u0645\u064a\u0645,  \u062a\u0648\u0627\u0635\u0644 \u0645\u0639\u0646\u0627\u200b\t\t\t\t<\/noscript>\n\t\t\t<\/span>\n\t\t\n\t\t\t<\/div><!-- close .eael-fancy-text-container -->\n\n\t<div class=\"clearfix\"><\/div>\n\n\t\t\t\t\t<\/div>\n\t\t\t\t<\/div>\n\t\t\t\t<div class=\"elementor-element elementor-element-0f984e2 elementor-widget elementor-widget-spacer\" data-id=\"0f984e2\" data-element_type=\"widget\" data-widget_type=\"spacer.default\">\n\t\t\t\t<div class=\"elementor-widget-container\">\n\t\t\t\t\t\t\t<div class=\"elementor-spacer\">\n\t\t\t<div class=\"elementor-spacer-inner\"><\/div>\n\t\t<\/div>\n\t\t\t\t\t\t<\/div>\n\t\t\t\t<\/div>\n\t\t\t\t\t<\/div>\n\t\t<\/div>\n\t\t\t\t\t<\/div>\n\t\t<\/section>\n\t\t\t\t<section class=\"has_eae_slider elementor-section elementor-top-section elementor-element elementor-element-b6d3202 elementor-section-boxed elementor-section-height-default elementor-section-height-default\" data-eae-slider=\"48510\" data-id=\"b6d3202\" data-element_type=\"section\">\n\t\t\t\t\t\t<div class=\"elementor-container elementor-column-gap-narrow\">\n\t\t\t\t\t<div class=\"has_eae_slider elementor-column elementor-col-50 elementor-top-column elementor-element elementor-element-1df31df\" data-eae-slider=\"73219\" data-id=\"1df31df\" data-element_type=\"column\">\n\t\t\t<div class=\"elementor-widget-wrap elementor-element-populated\">\n\t\t\t\t\t\t<div class=\"elementor-element elementor-element-4fe37fb eae--hr-position-center eae--vr-position-middle elementor-widget elementor-widget-eae-thumbgallery\" data-id=\"4fe37fb\" data-element_type=\"widget\" data-settings=\"{&quot;thumb_slides_per_view&quot;:3,&quot;thumb_slides_per_view_tablet&quot;:3,&quot;thumb_slides_per_view_mobile&quot;:2,&quot;thumb_space_between&quot;:10,&quot;thumb_space_between_tablet&quot;:10,&quot;thumb_space_between_mobile&quot;:5,&quot;slider_space_between&quot;:{&quot;unit&quot;:&quot;px&quot;,&quot;size&quot;:10,&quot;sizes&quot;:[]},&quot;slider_space_between_tablet&quot;:{&quot;unit&quot;:&quot;px&quot;,&quot;size&quot;:15,&quot;sizes&quot;:[]},&quot;slider_space_between_mobile&quot;:{&quot;unit&quot;:&quot;px&quot;,&quot;size&quot;:10,&quot;sizes&quot;:[]}}\" data-widget_type=\"eae-thumbgallery.default\">\n\t\t\t\t<div class=\"elementor-widget-container\">\n\t\t\t\t\t\n\t\t<div class=\"eae-swiper-outer-wrapper eae-swiper\" data-swiper-settings=\"{&quot;breakpoints_value&quot;:{&quot;mobile&quot;:320,&quot;tablet&quot;:768,&quot;desktop&quot;:1025},&quot;thumbs&quot;:{&quot;spaceBetween&quot;:{&quot;mobile&quot;:5,&quot;tablet&quot;:10,&quot;default&quot;:10},&quot;slidesPerView&quot;:{&quot;mobile&quot;:2,&quot;tablet&quot;:3,&quot;default&quot;:3}},&quot;effect&quot;:&quot;slide&quot;,&quot;speed&quot;:500,&quot;autoplay&quot;:{&quot;duration&quot;:3000,&quot;reverseDirection&quot;:false,&quot;slider_direction&quot;:&quot;ltr&quot;,&quot;disableOnInteraction&quot;:true},&quot;pauseOnHover&quot;:&quot;yes&quot;,&quot;spaceBetween&quot;:{&quot;mobile&quot;:1,&quot;tablet&quot;:1,&quot;default&quot;:10},&quot;loop&quot;:&quot;yes&quot;,&quot;navigation&quot;:&quot;yes&quot;,&quot;clickable&quot;:false,&quot;keyboard&quot;:true}\">\n\t\t\t\t\t   \n\t\t\t<div class=\"eae-swiper-container swiper\">\n\t\t\t\t<div class=\"eae-swiper-wrapper swiper-wrapper slider_vertical_wrapper\">\n\t\t\t\t\t\n\n\t\t\t\t\t<div class=\"elementor-repeater-item-91eed44 eae-swiper-slide swiper-slide\" style=\"background-image : url(https:\/\/esayapi-tr.com\/wp-content\/uploads\/2023\/10\/IMG-20231008-WA0188.webp);\">\n\t\t\t\t   \n\t\t\t\t\t\t\t\t\t\t\t\t<div class=\"eae-slide-inner\">\t\t\t\t\t\t\t\t\t\t\t\t\t\t<\/div>\t\t\t\t\t\t\t<\/div>\n\t\t\t\t   \n\t\t\t\t\t\n\n\t\t\t\t\t<div class=\"elementor-repeater-item-675a754 eae-swiper-slide swiper-slide\" style=\"background-image : url(https:\/\/esayapi-tr.com\/wp-content\/uploads\/2023\/10\/cc1gUlRhWR9grOXIt5vPsyKgaGLO4PvaX96J7RqyFj8_plaintext_638323626366292486.webp);\">\n\t\t\t\t   \n\t\t\t\t\t\t\t\t\t\t\t\t<div class=\"eae-slide-inner\">\t\t\t\t\t\t\t\t\t\t\t\t\t\t<\/div>\t\t\t\t\t\t\t<\/div>\n\t\t\t\t   \n\t\t\t\t\t\n\n\t\t\t\t\t<div class=\"elementor-repeater-item-a77937c eae-swiper-slide swiper-slide\" style=\"background-image : url(https:\/\/esayapi-tr.com\/wp-content\/uploads\/2023\/10\/IMG-20231008-WA0156.webp);\">\n\t\t\t\t   \n\t\t\t\t\t\t\t\t\t\t\t\t<div class=\"eae-slide-inner\">\t\t\t\t\t\t\t\t\t\t\t\t\t\t<\/div>\t\t\t\t\t\t\t<\/div>\n\t\t\t\t   \n\t\t\t\t\t\n\n\t\t\t\t\t<div class=\"elementor-repeater-item-0c92075 eae-swiper-slide swiper-slide\" style=\"background-image : url(https:\/\/esayapi-tr.com\/wp-content\/uploads\/2023\/10\/IMG-20231008-WA0157.webp);\">\n\t\t\t\t   \n\t\t\t\t\t\t\t\t\t\t\t\t<div class=\"eae-slide-inner\">\t\t\t\t\t\t\t\t\t\t\t\t\t\t<\/div>\t\t\t\t\t\t\t<\/div>\n\t\t\t\t   \n\t\t\t\t\t\n\n\t\t\t\t\t<div class=\"elementor-repeater-item-d26cc99 eae-swiper-slide swiper-slide\" style=\"background-image : url(https:\/\/esayapi-tr.com\/wp-content\/uploads\/2023\/10\/IMG-20231008-WA0159.webp);\">\n\t\t\t\t   \n\t\t\t\t\t\t\t\t\t\t\t\t<div class=\"eae-slide-inner\">\t\t\t\t\t\t\t\t\t\t\t\t\t\t<\/div>\t\t\t\t\t\t\t<\/div>\n\t\t\t\t   \n\t\t\t\t\t\n\n\t\t\t\t\t<div class=\"elementor-repeater-item-58ab7f0 eae-swiper-slide swiper-slide\" style=\"background-image : url(https:\/\/esayapi-tr.com\/wp-content\/uploads\/2023\/10\/IMG-20231008-WA0161.webp);\">\n\t\t\t\t   \n\t\t\t\t\t\t\t\t\t\t\t\t<div class=\"eae-slide-inner\">\t\t\t\t\t\t\t\t\t\t\t\t\t\t<\/div>\t\t\t\t\t\t\t<\/div>\n\t\t\t\t   \n\t\t\t\t\t\n\n\t\t\t\t\t<div class=\"elementor-repeater-item-f122ccd eae-swiper-slide swiper-slide\" style=\"background-image : url(https:\/\/esayapi-tr.com\/wp-content\/uploads\/2023\/10\/IMG-20231008-WA0178.webp);\">\n\t\t\t\t   \n\t\t\t\t\t\t\t\t\t\t\t\t<div class=\"eae-slide-inner\">\t\t\t\t\t\t\t\t\t\t\t\t\t\t<\/div>\t\t\t\t\t\t\t<\/div>\n\t\t\t\t   \n\t\t\t\t\t\n\n\t\t\t\t\t<div class=\"elementor-repeater-item-4e7029f eae-swiper-slide swiper-slide\" style=\"background-image : url(https:\/\/esayapi-tr.com\/wp-content\/uploads\/2023\/10\/IMG-20231008-WA0185.webp);\">\n\t\t\t\t   \n\t\t\t\t\t\t\t\t\t\t\t\t<div class=\"eae-slide-inner\">\t\t\t\t\t\t\t\t\t\t\t\t\t\t<\/div>\t\t\t\t\t\t\t<\/div>\n\t\t\t\t   \n\t\t\t\t\t\n\n\t\t\t\t\t<div class=\"elementor-repeater-item-a38d0e4 eae-swiper-slide swiper-slide\" style=\"background-image : url(https:\/\/esayapi-tr.com\/wp-content\/uploads\/2023\/10\/IMG-20231008-WA0182.webp);\">\n\t\t\t\t   \n\t\t\t\t\t\t\t\t\t\t\t\t<div class=\"eae-slide-inner\">\t\t\t\t\t\t\t\t\t\t\t\t\t\t<\/div>\t\t\t\t\t\t\t<\/div>\n\t\t\t\t   \n\t\t\t\t\t \n\t\t\t\t<\/div>\n\t\t\t   \n\t\t\t\t\t\t\t\t\t\t\t\t\t\t<div class = \"eae-swiper-button eae-slider-nav-button  eae-swiper-button-prev\">\n\t\t\t\t\t\t\t<i class=\"fa fa-angle-left\"><\/i>\t\t\t\t\t\t<\/div>\t\n\t\t\t\t\t\t   \n\t\t\t\t\t\t<div class = \"eae-swiper-button eae-slider-nav-button eae-swiper-button-next\">\n\t\t\t\t\t\t\t<i class=\"fa fa-angle-right\"><\/i>\t\t\t\t\t\t<\/div>\t\n\t\t\t\t\t\t\t\t   \n\t\t\t\t\t\n\t\t\t<\/div>\t\n\t\t\n\t\t\t<div class=\"eae-thumb-container swiper eae-gallery-thumbs eae-thumb-horizontal-bottom\">\n\t\t\t\t<div class=\"eae-thumb-wrapper swiper-wrapper\">\n\t\t\t\t\t\t\t\t\t\t   \n\t\t\t\t\t\t<div class=\"elementor-repeater-item-91eed44 eae-thumb-slide swiper-slide\" style=\"background-image : url(https:\/\/esayapi-tr.com\/wp-content\/uploads\/2023\/10\/IMG-20231008-WA0188.webp);\">\n\t\t\t\t\t\t\t\t<div class='eae-fit-aspect-ratio'><\/div>\n\t\t\t\t\t\t<\/div>\n\t\t\t\t\t\t\t\t\t\t   \n\t\t\t\t\t\t<div class=\"elementor-repeater-item-675a754 eae-thumb-slide swiper-slide\" style=\"background-image : url(https:\/\/esayapi-tr.com\/wp-content\/uploads\/2023\/10\/cc1gUlRhWR9grOXIt5vPsyKgaGLO4PvaX96J7RqyFj8_plaintext_638323626366292486.webp);\">\n\t\t\t\t\t\t\t\t<div class='eae-fit-aspect-ratio'><\/div>\n\t\t\t\t\t\t<\/div>\n\t\t\t\t\t\t\t\t\t\t   \n\t\t\t\t\t\t<div class=\"elementor-repeater-item-a77937c eae-thumb-slide swiper-slide\" style=\"background-image : url(https:\/\/esayapi-tr.com\/wp-content\/uploads\/2023\/10\/IMG-20231008-WA0156.webp);\">\n\t\t\t\t\t\t\t\t<div class='eae-fit-aspect-ratio'><\/div>\n\t\t\t\t\t\t<\/div>\n\t\t\t\t\t\t\t\t\t\t   \n\t\t\t\t\t\t<div class=\"elementor-repeater-item-0c92075 eae-thumb-slide swiper-slide\" style=\"background-image : url(https:\/\/esayapi-tr.com\/wp-content\/uploads\/2023\/10\/IMG-20231008-WA0157.webp);\">\n\t\t\t\t\t\t\t\t<div class='eae-fit-aspect-ratio'><\/div>\n\t\t\t\t\t\t<\/div>\n\t\t\t\t\t\t\t\t\t\t   \n\t\t\t\t\t\t<div class=\"elementor-repeater-item-d26cc99 eae-thumb-slide swiper-slide\" style=\"background-image : url(https:\/\/esayapi-tr.com\/wp-content\/uploads\/2023\/10\/IMG-20231008-WA0159.webp);\">\n\t\t\t\t\t\t\t\t<div class='eae-fit-aspect-ratio'><\/div>\n\t\t\t\t\t\t<\/div>\n\t\t\t\t\t\t\t\t\t\t   \n\t\t\t\t\t\t<div class=\"elementor-repeater-item-58ab7f0 eae-thumb-slide swiper-slide\" style=\"background-image : url(https:\/\/esayapi-tr.com\/wp-content\/uploads\/2023\/10\/IMG-20231008-WA0161.webp);\">\n\t\t\t\t\t\t\t\t<div class='eae-fit-aspect-ratio'><\/div>\n\t\t\t\t\t\t<\/div>\n\t\t\t\t\t\t\t\t\t\t   \n\t\t\t\t\t\t<div class=\"elementor-repeater-item-f122ccd eae-thumb-slide swiper-slide\" style=\"background-image : url(https:\/\/esayapi-tr.com\/wp-content\/uploads\/2023\/10\/IMG-20231008-WA0178.webp);\">\n\t\t\t\t\t\t\t\t<div class='eae-fit-aspect-ratio'><\/div>\n\t\t\t\t\t\t<\/div>\n\t\t\t\t\t\t\t\t\t\t   \n\t\t\t\t\t\t<div class=\"elementor-repeater-item-4e7029f eae-thumb-slide swiper-slide\" style=\"background-image : url(https:\/\/esayapi-tr.com\/wp-content\/uploads\/2023\/10\/IMG-20231008-WA0185.webp);\">\n\t\t\t\t\t\t\t\t<div class='eae-fit-aspect-ratio'><\/div>\n\t\t\t\t\t\t<\/div>\n\t\t\t\t\t\t\t\t\t\t   \n\t\t\t\t\t\t<div class=\"elementor-repeater-item-a38d0e4 eae-thumb-slide swiper-slide\" style=\"background-image : url(https:\/\/esayapi-tr.com\/wp-content\/uploads\/2023\/10\/IMG-20231008-WA0182.webp);\">\n\t\t\t\t\t\t\t\t<div class='eae-fit-aspect-ratio'><\/div>\n\t\t\t\t\t\t<\/div>\n\t\t\t\t\t \n\t\t\t\t<\/div>\n\n\t\t\t\t\n\t\t\t<\/div>\n\n\t\t\t\t<\/div> \n\t\t\t\t\t\t<\/div>\n\t\t\t\t<\/div>\n\t\t\t\t\t<\/div>\n\t\t<\/div>\n\t\t\t\t<div class=\"has_eae_slider elementor-column elementor-col-50 elementor-top-column elementor-element elementor-element-eb2263c\" data-eae-slider=\"62783\" data-id=\"eb2263c\" data-element_type=\"column\">\n\t\t\t<div class=\"elementor-widget-wrap elementor-element-populated\">\n\t\t\t\t\t\t<div class=\"elementor-element elementor-element-00dec6e elementor-button-align-stretch elementor-widget elementor-widget-form\" data-id=\"00dec6e\" data-element_type=\"widget\" data-settings=\"{&quot;step_next_label&quot;:&quot;Next&quot;,&quot;step_previous_label&quot;:&quot;Previous&quot;,&quot;button_width&quot;:&quot;100&quot;,&quot;step_type&quot;:&quot;number_text&quot;,&quot;step_icon_shape&quot;:&quot;circle&quot;}\" data-widget_type=\"form.default\">\n\t\t\t\t<div class=\"elementor-widget-container\">\n\t\t\t\t\t\t\t<form class=\"elementor-form\" method=\"post\" name=\"\u0641\u0648\u0631\u0645 \u0628\u064a\u0639 \u0639\u0642\u0627\u0631\" action=\"\">\n\t\t\t<input type=\"hidden\" name=\"post_id\" value=\"1603\"\/>\n\t\t\t<input type=\"hidden\" name=\"form_id\" value=\"00dec6e\"\/>\n\t\t\t<input type=\"hidden\" name=\"referer_title\" value=\"\" \/>\n\n\t\t\t\n\t\t\t<div class=\"ele-extensions-hide-form elementor-form-fields-wrapper elementor-labels-above\">\n\t\t\t\t\t\t\t\t<div class=\"elementor-field-type-text elementor-field-group elementor-column elementor-field-group-name elementor-col-100 elementor-field-required\">\n\t\t\t\t\t\t\t\t\t\t\t\t<label for=\"form-field-name\" class=\"elementor-field-label\">\n\t\t\t\t\t\t\t\tTam ad\u0131\t\t\t\t\t\t\t<\/label>\n\t\t\t\t\t\t\t\t\t\t\t\t\t\t<input size=\"1\" type=\"text\" name=\"form_fields[name]\" id=\"form-field-name\" class=\"elementor-field elementor-size-sm  elementor-field-textual\" placeholder=\"\u0130sim:\" required=\"required\" aria-required=\"true\">\n\t\t\t\t\t\t\t\t\t\t\t<\/div>\n\t\t\t\t\t\t\t\t<div class=\"elementor-field-type-email elementor-field-group elementor-column elementor-field-group-email elementor-col-100 elementor-field-required\">\n\t\t\t\t\t\t\t\t\t\t\t\t<label for=\"form-field-email\" class=\"elementor-field-label\">\n\t\t\t\t\t\t\t\tE-posta adresi\t\t\t\t\t\t\t<\/label>\n\t\t\t\t\t\t\t\t\t\t\t\t\t\t<input size=\"1\" type=\"email\" name=\"form_fields[email]\" id=\"form-field-email\" class=\"elementor-field elementor-size-sm  elementor-field-textual\" placeholder=\"E-posta adresi\" required=\"required\" aria-required=\"true\">\n\t\t\t\t\t\t\t\t\t\t\t<\/div>\n\t\t\t\t\t\t\t\t<div class=\"elementor-field-type-tel elementor-field-group elementor-column elementor-field-group-field_0cf3571 elementor-col-100 elementor-field-required\">\n\t\t\t\t\t\t\t\t\t\t\t\t<label for=\"form-field-field_0cf3571\" class=\"elementor-field-label\">\n\t\t\t\t\t\t\t\tTelefon numaras\u0131\t\t\t\t\t\t\t<\/label>\n\t\t\t\t\t\t\t\t<input size=\"1\" type=\"tel\" name=\"form_fields[field_0cf3571]\" id=\"form-field-field_0cf3571\" class=\"elementor-field elementor-size-sm  elementor-field-textual\" placeholder=\"Telefon numaras\u0131\" required=\"required\" aria-required=\"true\" pattern=\"[0-9()#&amp;+*-=.]+\" title=\"Only numbers and phone characters (#, -, *, etc) are accepted.\">\n\n\t\t\t\t\t\t<\/div>\n\t\t\t\t\t\t\t\t<div class=\"elementor-field-type-select elementor-field-group elementor-column elementor-field-group-field_fd4f2ac elementor-col-100 elementor-field-required\">\n\t\t\t\t\t\t\t\t\t\t\t\t<label for=\"form-field-field_fd4f2ac\" class=\"elementor-field-label\">\n\t\t\t\t\t\t\t\t\u00d6zellik t\u00fcr\u00fc\t\t\t\t\t\t\t<\/label>\n\t\t\t\t\t\t\t\t<div class=\"elementor-field elementor-select-wrapper remove-before\">\n\t\t\t<div class=\"select-caret-down-wrapper\">\n\t\t\t\t<i aria-hidden=\"true\" class=\"eicon-caret-down\"><\/i>\t\t\t<\/div>\n\t\t\t<select name=\"form_fields[field_fd4f2ac]\" id=\"form-field-field_fd4f2ac\" class=\"elementor-field-textual elementor-size-sm\" required=\"required\" aria-required=\"true\">\n\t\t\t\t\t\t\t\t\t<option value=\"\u0634\u0642\u0629 \">Apartman <\/option>\n\t\t\t\t\t\t\t\t\t<option value=\"\u0641\u064a\u0644\u0627\">Villa<\/option>\n\t\t\t\t\t\t\t\t\t<option value=\"\u0645\u0643\u062a\u0628\">Ofis<\/option>\n\t\t\t\t\t\t\t\t\t<option value=\"\u0628\u0646\u0627\u0621\">\u0130n\u015fa etmek<\/option>\n\t\t\t\t\t\t\t\t\t<option value=\"\u0645\u062d\u0644\">D\u00fckkan<\/option>\n\t\t\t\t\t\t\t\t\t<option value=\"\"><\/option>\n\t\t\t\t\t\t\t<\/select>\n\t\t<\/div>\n\t\t\t\t\t\t<\/div>\n\t\t\t\t\t\t\t\t<div class=\"elementor-field-type-textarea elementor-field-group elementor-column elementor-field-group-message elementor-col-100\">\n\t\t\t\t\t\t\t\t\t\t\t\t<label for=\"form-field-message\" class=\"elementor-field-label\">\n\t\t\t\t\t\t\t\tG\u00f6zlemler\t\t\t\t\t\t\t<\/label>\n\t\t\t\t\t\t<textarea class=\"elementor-field-textual elementor-field  elementor-size-sm\" name=\"form_fields[message]\" id=\"form-field-message\" rows=\"4\" placeholder=\"Yazmak...\"><\/textarea>\t\t\t\t<\/div>\n\t\t\t\t\t\t\t\t<div class=\"elementor-field-type-upload elementor-field-group elementor-column elementor-field-group-field_1cd776b elementor-col-100\">\n\t\t\t\t\t\t\t\t\t\t\t\t<label for=\"form-field-field_1cd776b\" class=\"elementor-field-label\">\n\t\t\t\t\t\t\t\tFoto\u011fraf y\u00fckle \t\t\t\t\t\t\t<\/label>\n\t\t\t\t\t\t\t\t<input type=\"file\" name=\"form_fields[field_1cd776b][]\" id=\"form-field-field_1cd776b\" class=\"elementor-field elementor-size-sm  elementor-upload-field\" multiple=\"multiple\" data-maxsize=\"4\" data-maxsize-message=\"This file exceeds the maximum allowed size.\">\n\n\t\t\t\t\t\t<\/div>\n\t\t\t\t\t\t\t\t<div class=\"elementor-field-group elementor-column elementor-field-type-submit elementor-col-100 e-form__buttons\">\n\t\t\t\t\t<button type=\"submit\" class=\"elementor-button elementor-size-sm\">\n\t\t\t\t\t\t<span >\n\t\t\t\t\t\t\t\t\t\t\t\t\t\t\t<span class=\"elementor-button-icon\">\n\t\t\t\t\t\t\t\t\t\t\t\t\t\t\t\t\t\t\t\t\t\t\t\t\t\t<\/span>\n\t\t\t\t\t\t\t\t\t\t\t\t\t\t\t\t\t\t\t\t\t\t<span class=\"elementor-button-text\">G\u00f6ndermek<\/span>\n\t\t\t\t\t\t\t\t\t\t\t\t\t<\/span>\n\t\t\t\t\t<\/button>\n\t\t\t\t<\/div>\n\t\t\t<\/div>\n\t\t<input type=\"hidden\" name=\"trp-form-language\" value=\"tr\"\/><\/form>\n\t\t\t\t\t\t<\/div>\n\t\t\t\t<\/div>\n\t\t\t\t\t<\/div>\n\t\t<\/div>\n\t\t\t\t\t<\/div>\n\t\t<\/section>\n\t\t\t\t<section class=\"has_eae_slider elementor-section elementor-top-section elementor-element elementor-element-7e42646 elementor-section-boxed elementor-section-height-default elementor-section-height-default\" data-eae-slider=\"49529\" data-id=\"7e42646\" data-element_type=\"section\">\n\t\t\t\t\t\t<div class=\"elementor-container elementor-column-gap-default\">\n\t\t\t\t\t<div class=\"has_eae_slider elementor-column elementor-col-100 elementor-top-column elementor-element elementor-element-bbd0828\" data-eae-slider=\"95073\" data-id=\"bbd0828\" data-element_type=\"column\">\n\t\t\t<div class=\"elementor-widget-wrap elementor-element-populated\">\n\t\t\t\t\t\t<div class=\"elementor-element elementor-element-34c7b66 elementor-widget elementor-widget-spacer\" data-id=\"34c7b66\" data-element_type=\"widget\" data-widget_type=\"spacer.default\">\n\t\t\t\t<div class=\"elementor-widget-container\">\n\t\t\t\t\t\t\t<div class=\"elementor-spacer\">\n\t\t\t<div class=\"elementor-spacer-inner\"><\/div>\n\t\t<\/div>\n\t\t\t\t\t\t<\/div>\n\t\t\t\t<\/div>\n\t\t\t\t<div class=\"elementor-element elementor-element-3e8225f elementor-widget elementor-widget-eael-fancy-text\" data-id=\"3e8225f\" data-element_type=\"widget\" data-widget_type=\"eael-fancy-text.default\">\n\t\t\t\t<div class=\"elementor-widget-container\">\n\t\t\t\t\t\n\t<div  class=\"eael-fancy-text-container style-1\" data-fancy-text-id=\"3e8225f\" data-fancy-text=\"|\u0628\u0625\u0645\u0643\u0627\u0646\u0643 \u0627\u0644\u062a\u0648\u0627\u0635\u0644 \u0645\u0639\u0646\u0627 \u0639\u0628\u0631 \u0627\u0644\u0648\u0627\u062a\u0633 \u0623\u0628\u200b\" data-fancy-text-transition-type=\"typing\" data-fancy-text-speed=\"50\" data-fancy-text-delay=\"1500\" data-fancy-text-cursor=\"yes\" data-fancy-text-loop=\"yes\" data-fancy-text-action=\"page_load\" >\n\t\t\n\t\t\n\t\t\t\t\t<span id=\"eael-fancy-text-3e8225f\" class=\"eael-fancy-text-strings solid-color\">\n\t\t\t\t<noscript>\n\t\t\t\t\t\u0628\u0625\u0645\u0643\u0627\u0646\u0643 \u0627\u0644\u062a\u0648\u0627\u0635\u0644 \u0645\u0639\u0646\u0627 \u0639\u0628\u0631 \u0627\u0644\u0648\u0627\u062a\u0633 \u0623\u0628\u200b\t\t\t\t<\/noscript>\n\t\t\t<\/span>\n\t\t\n\t\t\t<\/div><!-- close .eael-fancy-text-container -->\n\n\t<div class=\"clearfix\"><\/div>\n\n\t\t\t\t\t<\/div>\n\t\t\t\t<\/div>\n\t\t\t\t<div class=\"elementor-element elementor-element-8e8ad81 elementor-widget-tablet__width-initial elementor-align--mobilecenter elementor-widget-mobile__width-initial elementor-align-center elementor-widget elementor-widget-elementskit-button\" data-id=\"8e8ad81\" data-element_type=\"widget\" data-widget_type=\"elementskit-button.default\">\n\t\t\t\t<div class=\"elementor-widget-container\">\n\t\t\t\t\t<div class=\"ekit-wid-con\" >\t\t<div class=\"ekit-btn-wraper\">\n\t\t\t\t\t\t\t<a href=\"https:\/\/wa.me\/+905010705071\" class=\"elementskit-btn  whitespace--normal\" id=\"\">\n\t\t\t\t\t<i class=\"fab fa-whatsapp\"><\/i>\t\t\t\t<\/a>\n\t\t\t\t\t<\/div>\n        <\/div>\t\t\t\t<\/div>\n\t\t\t\t<\/div>\n\t\t\t\t\t<\/div>\n\t\t<\/div>\n\t\t\t\t\t<\/div>\n\t\t<\/section>\n\t\t\t\t<\/div>","protected":false},"excerpt":{"rendered":"<p>\u0644\u062e\u062f\u0645\u0627\u062a \u0627\u0644\u062a\u0635\u0645\u064a\u0645, \u062a\u0648\u0627\u0635\u0644 \u0645\u0639\u0646\u0627\u200b \u0628\u0625\u0645\u0643\u0627\u0646\u0643 \u0627\u0644\u062a\u0648\u0627\u0635\u0644 \u0645\u0639\u0646\u0627 \u0639\u0628\u0631 \u0627\u0644\u0648\u0627\u062a\u0633 \u0623\u0628\u200b<\/p>","protected":false},"author":1,"featured_media":1427,"parent":0,"menu_order":0,"comment_status":"closed","ping_status":"closed","template":"","meta":{"footnotes":""},"class_list":["post-1603","page","type-page","status-publish","has-post-thumbnail","hentry"],"_links":{"self":[{"href":"https:\/\/esayapi-tr.com\/tr\/wp-json\/wp\/v2\/pages\/1603"}],"collection":[{"href":"https:\/\/esayapi-tr.com\/tr\/wp-json\/wp\/v2\/pages"}],"about":[{"href":"https:\/\/esayapi-tr.com\/tr\/wp-json\/wp\/v2\/types\/page"}],"author":[{"embeddable":true,"href":"https:\/\/esayapi-tr.com\/tr\/wp-json\/wp\/v2\/users\/1"}],"replies":[{"embeddable":true,"href":"https:\/\/esayapi-tr.com\/tr\/wp-json\/wp\/v2\/comments?post=1603"}],"version-history":[{"count":28,"href":"https:\/\/esayapi-tr.com\/tr\/wp-json\/wp\/v2\/pages\/1603\/revisions"}],"predecessor-version":[{"id":2907,"href":"https:\/\/esayapi-tr.com\/tr\/wp-json\/wp\/v2\/pages\/1603\/revisions\/2907"}],"wp:featuredmedia":[{"embeddable":true,"href":"https:\/\/esayapi-tr.com\/tr\/wp-json\/wp\/v2\/media\/1427"}],"wp:attachment":[{"href":"https:\/\/esayapi-tr.com\/tr\/wp-json\/wp\/v2\/media?parent=1603"}],"curies":[{"name":"wp","href":"https:\/\/api.w.org\/{rel}","templated":true}]}}