{"id":1536,"date":"2023-07-31T20:40:52","date_gmt":"2023-07-31T20:40:52","guid":{"rendered":"https:\/\/esayapi-tr.com\/?page_id=1536"},"modified":"2023-08-04T13:14:41","modified_gmt":"2023-08-04T13:14:41","slug":"buying","status":"publish","type":"page","link":"https:\/\/esayapi-tr.com\/tr\/buying\/","title":{"rendered":"Sat\u0131n alma"},"content":{"rendered":"<div data-elementor-type=\"wp-page\" data-elementor-id=\"1536\" class=\"elementor elementor-1536\" data-elementor-post-type=\"page\">\n\t\t\t\t\t\t<section class=\"has_eae_slider elementor-section elementor-top-section elementor-element elementor-element-e16ee97 elementor-section-boxed elementor-section-height-default elementor-section-height-default\" data-eae-slider=\"60119\" data-id=\"e16ee97\" data-element_type=\"section\">\n\t\t\t\t\t\t<div class=\"elementor-container elementor-column-gap-default\">\n\t\t\t\t\t<div class=\"has_eae_slider elementor-column elementor-col-100 elementor-top-column elementor-element elementor-element-597eeb5\" data-eae-slider=\"95155\" data-id=\"597eeb5\" data-element_type=\"column\">\n\t\t\t<div class=\"elementor-widget-wrap elementor-element-populated\">\n\t\t\t\t\t\t<div class=\"elementor-element elementor-element-de8572b elementor-widget elementor-widget-spacer\" data-id=\"de8572b\" data-element_type=\"widget\" data-widget_type=\"spacer.default\">\n\t\t\t\t<div class=\"elementor-widget-container\">\n\t\t\t\t\t\t\t<div class=\"elementor-spacer\">\n\t\t\t<div class=\"elementor-spacer-inner\"><\/div>\n\t\t<\/div>\n\t\t\t\t\t\t<\/div>\n\t\t\t\t<\/div>\n\t\t\t\t<div class=\"elementor-element elementor-element-be69ace elementor-widget elementor-widget-heading\" data-id=\"be69ace\" data-element_type=\"widget\" data-widget_type=\"heading.default\">\n\t\t\t\t<div class=\"elementor-widget-container\">\n\t\t\t\t\t<h2 class=\"elementor-heading-title elementor-size-default\">\u0627\u0644\u0639\u0642\u0627\u0631\u0627\u062a \u0627\u0644\u0645\u062a\u0648\u0641\u0631\u0629 <\/h2>\t\t\t\t<\/div>\n\t\t\t\t<\/div>\n\t\t\t\t\t<\/div>\n\t\t<\/div>\n\t\t\t\t\t<\/div>\n\t\t<\/section>\n\t\t\t\t<section class=\"has_eae_slider elementor-section elementor-top-section elementor-element elementor-element-9ecff9e elementor-section-boxed elementor-section-height-default elementor-section-height-default\" data-eae-slider=\"15382\" data-id=\"9ecff9e\" data-element_type=\"section\">\n\t\t\t\t\t\t<div class=\"elementor-container elementor-column-gap-default\">\n\t\t\t\t\t<div class=\"has_eae_slider elementor-column elementor-col-100 elementor-top-column elementor-element elementor-element-eb99e95\" data-eae-slider=\"99963\" data-id=\"eb99e95\" data-element_type=\"column\">\n\t\t\t<div class=\"elementor-widget-wrap elementor-element-populated\">\n\t\t\t\t\t\t<div class=\"elementor-element elementor-element-8bbcd6c elementor-widget elementor-widget-eael-fancy-text\" data-id=\"8bbcd6c\" data-element_type=\"widget\" data-widget_type=\"eael-fancy-text.default\">\n\t\t\t\t<div class=\"elementor-widget-container\">\n\t\t\t\t\t\n\t<div  class=\"eael-fancy-text-container style-1\" data-fancy-text-id=\"8bbcd6c\" data-fancy-text=\"|\u0628\u0625\u0645\u0643\u0627\u0646\u0643 \u0627\u0644\u062a\u0648\u0627\u0635\u0644 \u0645\u0639\u0646\u0627 \u0639\u0628\u0631 \u0627\u0644\u0648\u0627\u062a\u0633 \u0623\u0628\u200b\" data-fancy-text-transition-type=\"typing\" data-fancy-text-speed=\"50\" data-fancy-text-delay=\"1500\" data-fancy-text-cursor=\"yes\" data-fancy-text-loop=\"yes\" data-fancy-text-action=\"page_load\" >\n\t\t\n\t\t\n\t\t\t\t\t<span id=\"eael-fancy-text-8bbcd6c\" class=\"eael-fancy-text-strings solid-color\">\n\t\t\t\t<noscript>\n\t\t\t\t\t\u0628\u0625\u0645\u0643\u0627\u0646\u0643 \u0627\u0644\u062a\u0648\u0627\u0635\u0644 \u0645\u0639\u0646\u0627 \u0639\u0628\u0631 \u0627\u0644\u0648\u0627\u062a\u0633 \u0623\u0628\u200b\t\t\t\t<\/noscript>\n\t\t\t<\/span>\n\t\t\n\t\t\t<\/div><!-- close .eael-fancy-text-container -->\n\n\t<div class=\"clearfix\"><\/div>\n\n\t\t\t\t\t<\/div>\n\t\t\t\t<\/div>\n\t\t\t\t<div class=\"elementor-element elementor-element-a934944 elementor-widget-tablet__width-initial elementor-align--mobilecenter elementor-widget-mobile__width-initial elementor-align-center elementor-widget elementor-widget-elementskit-button\" data-id=\"a934944\" data-element_type=\"widget\" data-widget_type=\"elementskit-button.default\">\n\t\t\t\t<div class=\"elementor-widget-container\">\n\t\t\t\t\t<div class=\"ekit-wid-con\" >\t\t<div class=\"ekit-btn-wraper\">\n\t\t\t\t\t\t\t<a href=\"https:\/\/wa.me\/+905010705071\" class=\"elementskit-btn  whitespace--normal\" id=\"\">\n\t\t\t\t\t<i class=\"fab fa-whatsapp\"><\/i>WhatsApp \u00fczerinden do\u011frudan ileti\u015fim i\u00e7in\t\t\t\t<\/a>\n\t\t\t\t\t<\/div>\n        <\/div>\t\t\t\t<\/div>\n\t\t\t\t<\/div>\n\t\t\t\t\t<\/div>\n\t\t<\/div>\n\t\t\t\t\t<\/div>\n\t\t<\/section>\n\t\t\t\t<\/div>","protected":false},"excerpt":{"rendered":"<p>\u0627\u0644\u0639\u0642\u0627\u0631\u0627\u062a \u0627\u0644\u0645\u062a\u0648\u0641\u0631\u0629 \u0627\u0633\u0637\u0646\u0628\u0648\u0644 \u062a\u062c\u0631\u064a\u0628\u064a POA Explore more United Kingdom (UK) Sea View house 2500 4 \u0633\u0631\u064a\u0631 4 \u062d\u064e\u0645\u0651\u0627\u0645 2\u066c600 sqft Explore more United Kingdom (UK) Multifamily Homes 2500 4 \u0633\u0631\u064a\u0631 4 \u062d\u064e\u0645\u0651\u0627\u0645 2\u066c600 sqft Explore more United Kingdom (UK) Sheltec house 2500 4 \u0633\u0631\u064a\u0631 4 \u062d\u064e\u0645\u0651\u0627\u0645 2\u066c600 sqft Explore more United Kingdom (UK) Carriage House&#8230;<a href=\"https:\/\/esayapi-tr.com\/tr\/buying\/\" class=\"epl-more-link\">Read More&rarr;<\/a><\/p>","protected":false},"author":1,"featured_media":828,"parent":0,"menu_order":0,"comment_status":"closed","ping_status":"closed","template":"","meta":{"footnotes":""},"class_list":["post-1536","page","type-page","status-publish","has-post-thumbnail","hentry"],"_links":{"self":[{"href":"https:\/\/esayapi-tr.com\/tr\/wp-json\/wp\/v2\/pages\/1536"}],"collection":[{"href":"https:\/\/esayapi-tr.com\/tr\/wp-json\/wp\/v2\/pages"}],"about":[{"href":"https:\/\/esayapi-tr.com\/tr\/wp-json\/wp\/v2\/types\/page"}],"author":[{"embeddable":true,"href":"https:\/\/esayapi-tr.com\/tr\/wp-json\/wp\/v2\/users\/1"}],"replies":[{"embeddable":true,"href":"https:\/\/esayapi-tr.com\/tr\/wp-json\/wp\/v2\/comments?post=1536"}],"version-history":[{"count":23,"href":"https:\/\/esayapi-tr.com\/tr\/wp-json\/wp\/v2\/pages\/1536\/revisions"}],"predecessor-version":[{"id":2620,"href":"https:\/\/esayapi-tr.com\/tr\/wp-json\/wp\/v2\/pages\/1536\/revisions\/2620"}],"wp:featuredmedia":[{"embeddable":true,"href":"https:\/\/esayapi-tr.com\/tr\/wp-json\/wp\/v2\/media\/828"}],"wp:attachment":[{"href":"https:\/\/esayapi-tr.com\/tr\/wp-json\/wp\/v2\/media?parent=1536"}],"curies":[{"name":"wp","href":"https:\/\/api.w.org\/{rel}","templated":true}]}}